{"id":7446,"date":"2025-11-29T13:55:34","date_gmt":"2025-11-29T13:55:34","guid":{"rendered":"https:\/\/arminante.it\/?page_id=7446"},"modified":"2025-12-15T14:29:17","modified_gmt":"2025-12-15T14:29:17","slug":"about","status":"publish","type":"page","link":"https:\/\/arminante.it\/fr\/about\/","title":{"rendered":"About"},"content":{"rendered":"<div data-elementor-type=\"wp-page\" data-elementor-id=\"7446\" class=\"elementor elementor-7446\">\n\t\t\t\t<div class=\"elementor-element elementor-element-72b5356 e-grid e-con-full qodef-elementor-content-no e-con e-parent\" data-id=\"72b5356\" data-element_type=\"container\">\n\t\t\t\t<div class=\"elementor-element elementor-element-d9845b8 elementor-widget elementor-widget-lyndon_core_custom_font\" data-id=\"d9845b8\" data-element_type=\"widget\" data-widget_type=\"lyndon_core_custom_font.default\">\n\t\t\t\t<div class=\"elementor-widget-container\">\n\t\t\t\t\t<h2\tclass=\"qodef-shortcode qodef-m qodef-custom-font qodef-custom-font-483 qodef-layout--simple qodef--has-appear translation-block\" style=\"font-family: Arimo;text-transform: uppercase\">UNE <span class=\"qodef-m-title--highlighted qodef-italic-appeared\"><span class=\"qodef-m-regular-style\">HISTOIRE<\/span><span class=\"qodef-m-italic-style\">HISTOIRE<\/span><\/span> DE <span class=\"qodef-m-title--highlighted qodef-italic-appeared\"><span class=\"qodef-m-regular-style\">FAMILLE<\/span><span class=\"qodef-m-italic-style\">FAMILLE<\/span><\/span> QUI PORTE LE SOLEIL <span class=\"qodef-m-title--highlighted qodef-italic-appeared\"><span class=\"qodef-m-regular-style\">ITALIEN<\/span><span class=\"qodef-m-italic-style\">ITALIEN<\/span><\/span> SUR LES TABLES DU <span class=\"qodef-m-title--highlighted qodef-italic-appeared\"><span class=\"qodef-m-regular-style\">MONDE.<\/span><span class=\"qodef-m-italic-style\">MONDE.<\/span><\/span><\/h2>\n\t\t\t\t<\/div>\n\t\t\t\t<\/div>\n\t\t\t\t<div class=\"elementor-element elementor-element-1a8c52f e-transform elementor-widget elementor-widget-image\" data-id=\"1a8c52f\" data-element_type=\"widget\" data-settings=\"{&quot;_transform_translateY_effect&quot;:{&quot;unit&quot;:&quot;%&quot;,&quot;size&quot;:-5,&quot;sizes&quot;:[]},&quot;_transform_translateY_effect_tablet&quot;:{&quot;unit&quot;:&quot;%&quot;,&quot;size&quot;:&quot;&quot;,&quot;sizes&quot;:[]},&quot;_transform_translateY_effect_mobile&quot;:{&quot;unit&quot;:&quot;%&quot;,&quot;size&quot;:&quot;&quot;,&quot;sizes&quot;:[]},&quot;_transform_translateX_effect&quot;:{&quot;unit&quot;:&quot;px&quot;,&quot;size&quot;:&quot;&quot;,&quot;sizes&quot;:[]},&quot;_transform_translateX_effect_tablet&quot;:{&quot;unit&quot;:&quot;px&quot;,&quot;size&quot;:&quot;&quot;,&quot;sizes&quot;:[]},&quot;_transform_translateX_effect_mobile&quot;:{&quot;unit&quot;:&quot;px&quot;,&quot;size&quot;:&quot;&quot;,&quot;sizes&quot;:[]}}\" data-widget_type=\"image.default\">\n\t\t\t\t\t\t\t\t\t\t\t\t\t\t\t<img fetchpriority=\"high\" decoding=\"async\" width=\"1024\" height=\"1024\" src=\"https:\/\/arminante.it\/wp-content\/uploads\/2025\/12\/Arminante-MADE-in-italy.png\" class=\"attachment-large size-large wp-image-10320\" alt=\"Simbolo Made in Italy: coccarda italiana Verde, Bianca, Rossa su sfondo nero\" \/>\t\t\t\t\t\t\t\t\t\t\t\t\t\t\t<\/div>\n\t\t\t\t<\/div>\n\t\t<div class=\"elementor-element elementor-element-2823048 e-con-full parallax-bg e-flex qodef-elementor-content-no e-con e-parent\" data-id=\"2823048\" data-element_type=\"container\" data-settings=\"{&quot;background_background&quot;:&quot;classic&quot;}\">\n\t\t\t\t<\/div>\n\t\t<div class=\"elementor-element elementor-element-e69a360 e-grid e-con-full qodef-elementor-content-no e-con e-parent\" data-id=\"e69a360\" data-element_type=\"container\">\n\t\t<div class=\"elementor-element elementor-element-9e89bc0 e-con-full e-flex qodef-elementor-content-no e-con e-child\" data-id=\"9e89bc0\" data-element_type=\"container\">\n\t\t\t\t<div class=\"elementor-element elementor-element-c8aaf98 elementor-widget__width-initial elementor-widget elementor-widget-text-editor\" data-id=\"c8aaf98\" data-element_type=\"widget\" data-widget_type=\"text-editor.default\">\n\t\t\t\t\t\t\t\t\t<p> Arminante est n\u00e9 du d\u00e9sir d\u2019apporter sur les tables du monde la saveur authentique de l\u2019Italie. <br><br> Notre philosophie repose sur une s\u00e9lection rigoureuse des mati\u00e8res premi\u00e8res, en respectant les rythmes de la nature et les recettes de la tradition. <br> <br>\n\nChaque produit est une histoire, un voyage sensoriel qui c\u00e9l\u00e8bre la richesse de notre patrimoine gastronomique, un engagement quotidien envers une qualit\u00e9 absolue.\n<\/p>\t\t\t\t\t\t\t\t<\/div>\n\t\t\t\t<\/div>\n\t\t<div class=\"elementor-element elementor-element-e8c9fb5 e-con-full e-flex qodef-elementor-content-no e-con e-child\" data-id=\"e8c9fb5\" data-element_type=\"container\">\n\t\t\t\t<div class=\"elementor-element elementor-element-7563f0d elementor-widget__width-initial elementor-widget elementor-widget-text-editor\" data-id=\"7563f0d\" data-element_type=\"widget\" data-widget_type=\"text-editor.default\">\n\t\t\t\t\t\t\t\t\t<p> De la Campanie aux Pouilles, de Parme \u00e0 Salerne, nous recueillons histoires, mati\u00e8res premi\u00e8res et savoir-faire pour cr\u00e9er des produits qui parlent un langage universel : celui du vrai go\u00fbt italien. <br> <br>\n\nAujourd\u2019hui, Arminante apporte ce soleil sur les tables du monde \u2014 avec le m\u00eame soin, la m\u00eame passion, la m\u00eame joie que l\u2019on met dans un d\u00eener en famille.<\/p>\t\t\t\t\t\t\t\t<\/div>\n\t\t\t\t<\/div>\n\t\t\t\t<\/div>\n\t\t<div class=\"elementor-element elementor-element-a239525 e-con-full e-flex qodef-elementor-content-no e-con e-parent\" data-id=\"a239525\" data-element_type=\"container\">\n\t\t\t\t<div class=\"elementor-element elementor-element-2068cc2 e-transform e-transform elementor-widget elementor-widget-lyndon_core_section_title\" data-id=\"2068cc2\" data-element_type=\"widget\" data-settings=\"{&quot;_transform_translateX_effect&quot;:{&quot;unit&quot;:&quot;%&quot;,&quot;size&quot;:0,&quot;sizes&quot;:[]},&quot;_transform_translateX_effect_tablet&quot;:{&quot;unit&quot;:&quot;%&quot;,&quot;size&quot;:&quot;&quot;,&quot;sizes&quot;:[]},&quot;_transform_translateX_effect_mobile&quot;:{&quot;unit&quot;:&quot;%&quot;,&quot;size&quot;:6.55,&quot;sizes&quot;:[]},&quot;_transform_rotateZ_effect&quot;:{&quot;unit&quot;:&quot;px&quot;,&quot;size&quot;:&quot;&quot;,&quot;sizes&quot;:[]},&quot;_transform_rotateZ_effect_tablet&quot;:{&quot;unit&quot;:&quot;deg&quot;,&quot;size&quot;:&quot;&quot;,&quot;sizes&quot;:[]},&quot;_transform_rotateZ_effect_mobile&quot;:{&quot;unit&quot;:&quot;deg&quot;,&quot;size&quot;:&quot;&quot;,&quot;sizes&quot;:[]},&quot;_transform_translateY_effect&quot;:{&quot;unit&quot;:&quot;px&quot;,&quot;size&quot;:&quot;&quot;,&quot;sizes&quot;:[]},&quot;_transform_translateY_effect_tablet&quot;:{&quot;unit&quot;:&quot;px&quot;,&quot;size&quot;:&quot;&quot;,&quot;sizes&quot;:[]},&quot;_transform_translateY_effect_mobile&quot;:{&quot;unit&quot;:&quot;px&quot;,&quot;size&quot;:&quot;&quot;,&quot;sizes&quot;:[]}}\" data-widget_type=\"lyndon_core_section_title.default\">\n\t\t\t\t<div class=\"elementor-widget-container\">\n\t\t\t\t\t<div class=\"qodef-shortcode qodef-m qodef-section-title qodef-alignment--left\">\n\t\t<h1 class=\"qodef-m-title translation-block\" >Le <span class=\"qodef-m-title--highlighted\">notre<\/span> m\u00e9thode<\/h1>\n\t<\/div>\n\t\t\t\t<\/div>\n\t\t\t\t<\/div>\n\t\t\t\t<div class=\"elementor-element elementor-element-844e6d7 elementor-widget elementor-widget-lyndon_core_accordion\" data-id=\"844e6d7\" data-element_type=\"widget\" data-widget_type=\"lyndon_core_accordion.default\">\n\t\t\t\t<div class=\"elementor-widget-container\">\n\t\t\t\t\t<div class=\"qodef-shortcode qodef-m qodef-accordion clear qodef-behavior--accordion qodef-layout--simple\">\n\t<h6 class=\"qodef-accordion-title\">\n\t<span class=\"qodef-tab-title\">\u202fLa recherche<\/span>\n\t<span class=\"qodef-accordion-mark\">\n\t\t<span><\/span>\n\t<\/span>\n<\/h6>\n<div class=\"qodef-accordion-content\">\n\t<div class=\"qodef-accordion-content-inner\">\n\t\t<p>Nous voyageons sans rel\u00e2che \u00e0 travers l\u2019Italie, des Alpes \u00e0 la Sicile, pour d\u00e9couvrir de petits producteurs qui travaillent avec passion et respect pour la terre, gardiens de saveurs anciennes et de techniques transmises de g\u00e9n\u00e9ration en g\u00e9n\u00e9ration.\u202f<\/p>\t<\/div>\n<\/div>\n<h6 class=\"qodef-accordion-title\">\n\t<span class=\"qodef-tab-title\">La s\u00e9lection<\/span>\n\t<span class=\"qodef-accordion-mark\">\n\t\t<span><\/span>\n\t<\/span>\n<\/h6>\n<div class=\"qodef-accordion-content\">\n\t<div class=\"qodef-accordion-content-inner\">\n\t\t<p>Seuls les produits qui r\u00e9pondent \u00e0 nos standards rigoureux de qualit\u00e9, d\u2019authenticit\u00e9 et de saveur font partie de notre s\u00e9lection. Chaque choix est un acte de confiance et une promesse d\u2019excellence.\u202f<\/p>\t<\/div>\n<\/div>\n<h6 class=\"qodef-accordion-title\">\n\t<span class=\"qodef-tab-title\">La garantie<\/span>\n\t<span class=\"qodef-accordion-mark\">\n\t\t<span><\/span>\n\t<\/span>\n<\/h6>\n<div class=\"qodef-accordion-content\">\n\t<div class=\"qodef-accordion-content-inner\">\n\t\t<p>Porter la marque Arminante signifie garantir une exp\u00e9rience in\u00e9gal\u00e9e. C\u2019est notre engagement \u00e0 n\u2019offrir que le meilleur, un sceau de qualit\u00e9 qui \u00e9voque l\u2019histoire, le territoire et la passion artisanale.<\/p>\t<\/div>\n<\/div>\n<\/div>\n\t\t\t\t<\/div>\n\t\t\t\t<\/div>\n\t\t\t\t<\/div>\n\t\t<div class=\"elementor-element elementor-element-07880bf e-con-full e-flex qodef-elementor-content-no e-con e-parent\" data-id=\"07880bf\" data-element_type=\"container\">\n\t\t\t\t<div class=\"elementor-element elementor-element-c878cc8 elementor-widget elementor-widget-qi_addons_for_elementor_image_gallery_masonry\" data-id=\"c878cc8\" data-element_type=\"widget\" data-widget_type=\"qi_addons_for_elementor_image_gallery_masonry.default\">\n\t\t\t\t<div class=\"elementor-widget-container\">\n\t\t\t\t\t<div class=\"qodef-shortcode qodef-m qodef-qi-image-gallery-masonry qodef-qi-fslightbox-popup qodef-popup-gallery qodef-image--hover-zoom qodef-qi-grid qodef-layout--qi-masonry qodef-items--fixed qodef-col-num--3 qodef-responsive--predefined\">\n\t<div class=\"qodef-grid-inner\">\n\t\t\t<div class=\"qodef-qi-grid-masonry-sizer\"><\/div>\n\t<\/div>\n<\/div>\n\t\t\t\t<\/div>\n\t\t\t\t<\/div>\n\t\t\t\t<\/div>\n\t\t<div class=\"elementor-element elementor-element-1298b3d e-con-full e-flex qodef-elementor-content-no e-con e-parent\" data-id=\"1298b3d\" data-element_type=\"container\">\n\t\t\t\t<div class=\"elementor-element elementor-element-23c922f elementor-widget elementor-widget-qi_addons_for_elementor_image_gallery_masonry\" data-id=\"23c922f\" data-element_type=\"widget\" data-widget_type=\"qi_addons_for_elementor_image_gallery_masonry.default\">\n\t\t\t\t<div class=\"elementor-widget-container\">\n\t\t\t\t\t<div class=\"qodef-shortcode qodef-m qodef-qi-image-gallery-masonry qodef-qi-fslightbox-popup qodef-popup-gallery qodef-image--hover-zoom qodef-qi-grid qodef-layout--qi-masonry qodef-items--fixed qodef-col-num--3 qodef-responsive--predefined\">\n\t<div class=\"qodef-grid-inner\">\n\t\t\t<div class=\"qodef-qi-grid-masonry-sizer\"><\/div>\n<div class=\"qodef-e qodef-image-wrapper qodef-grid-item qodef-item--huge-square\">\n\t<div class=\"qodef-e-inner\">\n\t\t\t\t\t<a class=\"qodef-popup-item\" itemprop=\"image\" href=\"https:\/\/arminante.it\/wp-content\/uploads\/2025\/12\/WhatsApp-Image-2025-12-12-at-14.27.24.jpeg\" data-type=\"image\" data-fslightbox=\"gallery-2\">\n\t\t\t\t\t<img decoding=\"async\" width=\"1300\" height=\"867\" src=\"https:\/\/arminante.it\/wp-content\/uploads\/2025\/12\/WhatsApp-Image-2025-12-12-at-14.27.24.jpeg\" class=\"attachment-qi_addons_for_elementor_image_size_huge-square size-qi_addons_for_elementor_image_size_huge-square\" alt=\"Bufalo allevato in stalla, primo piano dell\u2019animale in un allevamento agricolo.\" \/>\t\t\t\t\t<\/a>\n\t\t\t<\/div>\n<\/div>\n<div class=\"qodef-e qodef-image-wrapper qodef-grid-item qodef-item--square\">\n\t<div class=\"qodef-e-inner\">\n\t\t\t\t\t<a class=\"qodef-popup-item\" itemprop=\"image\" href=\"https:\/\/arminante.it\/wp-content\/uploads\/2025\/12\/WhatsApp-Image-2025-12-12-at-14.33.50.jpeg\" data-type=\"image\" data-fslightbox=\"gallery-2\">\n\t\t\t\t\t<img decoding=\"async\" width=\"650\" height=\"433\" src=\"https:\/\/arminante.it\/wp-content\/uploads\/2025\/12\/WhatsApp-Image-2025-12-12-at-14.33.50.jpeg\" class=\"attachment-qi_addons_for_elementor_image_size_square size-qi_addons_for_elementor_image_size_square\" alt=\"\" \/>\t\t\t\t\t<\/a>\n\t\t\t<\/div>\n<\/div>\n<div class=\"qodef-e qodef-image-wrapper qodef-grid-item qodef-item--square\">\n\t<div class=\"qodef-e-inner\">\n\t\t\t\t\t<a class=\"qodef-popup-item\" itemprop=\"image\" href=\"https:\/\/arminante.it\/wp-content\/uploads\/2025\/12\/WhatsApp-Image-2025-12-12-at-14.35.29.jpeg\" data-type=\"image\" data-fslightbox=\"gallery-2\">\n\t\t\t\t\t<img loading=\"lazy\" decoding=\"async\" width=\"433\" height=\"650\" src=\"https:\/\/arminante.it\/wp-content\/uploads\/2025\/12\/WhatsApp-Image-2025-12-12-at-14.35.29.jpeg\" class=\"attachment-qi_addons_for_elementor_image_size_square size-qi_addons_for_elementor_image_size_square\" alt=\"Lavorazione pasta filata artigianale per mozzarella fior di latte\" \/>\t\t\t\t\t<\/a>\n\t\t\t<\/div>\n<\/div>\n<div class=\"qodef-e qodef-image-wrapper qodef-grid-item qodef-item--landscape\">\n\t<div class=\"qodef-e-inner\">\n\t\t\t\t\t<a class=\"qodef-popup-item\" itemprop=\"image\" href=\"https:\/\/arminante.it\/wp-content\/uploads\/2025\/12\/WhatsApp-Image-2025-12-12-at-14.37.41.jpeg\" data-type=\"image\" data-fslightbox=\"gallery-2\">\n\t\t\t\t\t<img loading=\"lazy\" decoding=\"async\" width=\"975\" height=\"650\" src=\"https:\/\/arminante.it\/wp-content\/uploads\/2025\/12\/WhatsApp-Image-2025-12-12-at-14.37.41.jpeg\" class=\"attachment-qi_addons_for_elementor_image_size_landscape size-qi_addons_for_elementor_image_size_landscape\" alt=\"Pasticciere con camice bianco che solleva impasto lievitato con uvetta da planetaria\" \/>\t\t\t\t\t<\/a>\n\t\t\t<\/div>\n<\/div>\n<div class=\"qodef-e qodef-image-wrapper qodef-grid-item qodef-item--square\">\n\t<div class=\"qodef-e-inner\">\n\t\t\t\t\t<a class=\"qodef-popup-item\" itemprop=\"image\" href=\"https:\/\/arminante.it\/wp-content\/uploads\/2025\/12\/WhatsApp-Image-2025-12-12-at-14.37.50.jpeg\" data-type=\"image\" data-fslightbox=\"gallery-2\">\n\t\t\t\t\t<img loading=\"lazy\" decoding=\"async\" width=\"650\" height=\"433\" src=\"https:\/\/arminante.it\/wp-content\/uploads\/2025\/12\/WhatsApp-Image-2025-12-12-at-14.37.50.jpeg\" class=\"attachment-qi_addons_for_elementor_image_size_square size-qi_addons_for_elementor_image_size_square\" alt=\"Panetti di impasto lievitato pronti per la lievitazione su banco di acciaio inox\" \/>\t\t\t\t\t<\/a>\n\t\t\t<\/div>\n<\/div>\n<div class=\"qodef-e qodef-image-wrapper qodef-grid-item qodef-item--square\">\n\t<div class=\"qodef-e-inner\">\n\t\t\t\t\t<a class=\"qodef-popup-item\" itemprop=\"image\" href=\"https:\/\/arminante.it\/wp-content\/uploads\/2025\/12\/WhatsApp-Image-2025-12-12-at-14.38.00.jpeg\" data-type=\"image\" data-fslightbox=\"gallery-2\">\n\t\t\t\t\t<img loading=\"lazy\" decoding=\"async\" width=\"650\" height=\"433\" src=\"https:\/\/arminante.it\/wp-content\/uploads\/2025\/12\/WhatsApp-Image-2025-12-12-at-14.38.00.jpeg\" class=\"attachment-qi_addons_for_elementor_image_size_square size-qi_addons_for_elementor_image_size_square\" alt=\"Panettiere che pesa e porziona impasto lievitato su banco con bilancia\" \/>\t\t\t\t\t<\/a>\n\t\t\t<\/div>\n<\/div>\n<div class=\"qodef-e qodef-image-wrapper qodef-grid-item qodef-item--huge-square\">\n\t<div class=\"qodef-e-inner\">\n\t\t\t\t\t<a class=\"qodef-popup-item\" itemprop=\"image\" href=\"https:\/\/arminante.it\/wp-content\/uploads\/2025\/12\/WhatsApp-Image-2025-12-12-at-14.35.48.jpeg\" data-type=\"image\" data-fslightbox=\"gallery-2\">\n\t\t\t\t\t<img loading=\"lazy\" decoding=\"async\" width=\"1300\" height=\"867\" src=\"https:\/\/arminante.it\/wp-content\/uploads\/2025\/12\/WhatsApp-Image-2025-12-12-at-14.35.48.jpeg\" class=\"attachment-qi_addons_for_elementor_image_size_huge-square size-qi_addons_for_elementor_image_size_huge-square\" alt=\"Farina o polvere di nocciole, ingrediente per impasti dolci\" \/>\t\t\t\t\t<\/a>\n\t\t\t<\/div>\n<\/div>\n<div class=\"qodef-e qodef-image-wrapper qodef-grid-item qodef-item--square\">\n\t<div class=\"qodef-e-inner\">\n\t\t\t\t\t<a class=\"qodef-popup-item\" itemprop=\"image\" href=\"https:\/\/arminante.it\/wp-content\/uploads\/2025\/12\/WhatsApp-Image-2025-12-12-at-14.36.50.jpeg\" data-type=\"image\" data-fslightbox=\"gallery-2\">\n\t\t\t\t\t<img loading=\"lazy\" decoding=\"async\" width=\"650\" height=\"433\" src=\"https:\/\/arminante.it\/wp-content\/uploads\/2025\/12\/WhatsApp-Image-2025-12-12-at-14.36.50.jpeg\" class=\"attachment-qi_addons_for_elementor_image_size_square size-qi_addons_for_elementor_image_size_square\" alt=\"Macellaio che massaggia spezie su pancetta o taglio di carne cruda per salume\" \/>\t\t\t\t\t<\/a>\n\t\t\t<\/div>\n<\/div>\n\t<\/div>\n<\/div>\n\t\t\t\t<\/div>\n\t\t\t\t<\/div>\n\t\t\t\t<\/div>\n\t\t\t\t<\/div>","protected":false},"excerpt":{"rendered":"<p>UNA STORIASTORIA DI FAMIGLIAFAMIGLIA CHE PORTA IL SOLE ITALIANOITALIANO SULLE TAVOLE DEL MONDO.MONDO. Arminante nasce dal desiderio di portare sulle tavole del mondo il sapore autentico dell&#8217;Italia. La nostra filosofia si basa su una selezione rigorosa delle materie prime, rispettando i tempi della natura e le ricette della tradizione. Ogni prodotto \u00e8 un racconto, un [&hellip;]<\/p>","protected":false},"author":1,"featured_media":0,"parent":0,"menu_order":0,"comment_status":"closed","ping_status":"closed","template":"page-full-width.php","meta":{"iawp_total_views":36,"footnotes":""},"class_list":["post-7446","page","type-page","status-publish","hentry"],"_links":{"self":[{"href":"https:\/\/arminante.it\/fr\/wp-json\/wp\/v2\/pages\/7446","targetHints":{"allow":["GET"]}}],"collection":[{"href":"https:\/\/arminante.it\/fr\/wp-json\/wp\/v2\/pages"}],"about":[{"href":"https:\/\/arminante.it\/fr\/wp-json\/wp\/v2\/types\/page"}],"author":[{"embeddable":true,"href":"https:\/\/arminante.it\/fr\/wp-json\/wp\/v2\/users\/1"}],"replies":[{"embeddable":true,"href":"https:\/\/arminante.it\/fr\/wp-json\/wp\/v2\/comments?post=7446"}],"version-history":[{"count":394,"href":"https:\/\/arminante.it\/fr\/wp-json\/wp\/v2\/pages\/7446\/revisions"}],"predecessor-version":[{"id":11641,"href":"https:\/\/arminante.it\/fr\/wp-json\/wp\/v2\/pages\/7446\/revisions\/11641"}],"wp:attachment":[{"href":"https:\/\/arminante.it\/fr\/wp-json\/wp\/v2\/media?parent=7446"}],"curies":[{"name":"wp","href":"https:\/\/api.w.org\/{rel}","templated":true}]}}